{"id":15943,"date":"2026-03-12T08:52:29","date_gmt":"2026-03-12T08:52:29","guid":{"rendered":"https:\/\/dynamic-eye.de\/?post_type=product&#038;p=15943"},"modified":"2026-03-12T08:55:21","modified_gmt":"2026-03-12T08:55:21","slug":"fitlight-tablet","status":"publish","type":"product","link":"https:\/\/dynamic-eye.de\/fr\/produkt\/fitlight-tablet\/","title":{"rendered":"XIAOMI SE 8.7 (Android) for FITLIGHT"},"content":{"rendered":"<p><strong>Principaux avantages pour les utilisateurs de FITLIGHT<\/strong><\/p>\n<ul>\n<li>\u00c9cran lumineux de 8,7\u201d\u2013 affichage optimal des temps, statistiques et programmes<\/li>\n<li>Longue dur\u00e9e de vie de la batterie\u2013 plusieurs sessions d&rsquo;entra\u00eenement sur une seule charge<\/li>\n<li>Performances rapides\u2013 donn\u00e9es en temps r\u00e9el et lecture vid\u00e9o fluide<\/li>\n<li>Compact et portable\u2013 facile \u00e0 emporter dans votre sac de sport<\/li>\n<\/ul>\n","protected":false},"excerpt":{"rendered":"<p><strong>Xiaomi Redmi Pad SE 8.7 \u2013 Le partenaire parfait pour FITLIGHT<\/strong><\/p>\n<p>LeXiaomi Redmi Pad SE 8.7est id\u00e9al pour tous ceux qui s&rsquo;entra\u00eenent avecFITLIGHT. Que vous travailliez surla vitesse de r\u00e9action, la coordinationoula r\u00e9habilitation, cette tablette vous offre les outils pourtirer le meilleur de vos entra\u00eenements.<\/p>\n","protected":false},"featured_media":15925,"comment_status":"closed","ping_status":"closed","template":"","meta":{"inline_featured_image":false},"product_brand":[],"product_cat":[487],"product_tag":[563,565,113,567,409],"class_list":{"0":"post-15943","1":"product","2":"type-product","3":"status-publish","4":"has-post-thumbnail","6":"product_cat-fitlight-4","7":"product_tag-attache","8":"product_tag-ceinture","9":"product_tag-fitlight","10":"product_tag-porte-filet","11":"product_tag-velcro","12":"product_shipping_class-koffer-fr","13":"description-off","15":"first","16":"instock","17":"taxable","18":"shipping-taxable","19":"purchasable","20":"product-type-simple"},"yoast_head":"<!-- This site is optimized with the Yoast SEO plugin v27.3 - https:\/\/yoast.com\/product\/yoast-seo-wordpress\/ -->\n<title>XIAOMI SE 8.7 (Android) for FITLIGHT - DynamicEye<\/title>\n<meta name=\"robots\" content=\"index, follow, max-snippet:-1, max-image-preview:large, max-video-preview:-1\" \/>\n<link rel=\"canonical\" href=\"https:\/\/dynamic-eye.de\/fr\/produkt\/fitlight-tablet\/\" \/>\n<meta property=\"og:locale\" content=\"fr_FR\" \/>\n<meta property=\"og:type\" content=\"article\" \/>\n<meta property=\"og:title\" content=\"XIAOMI SE 8.7 (Android) for FITLIGHT - DynamicEye\" \/>\n<meta property=\"og:description\" content=\"Xiaomi Redmi Pad SE 8.7 \u2013 Le partenaire parfait pour FITLIGHT  LeXiaomi Redmi Pad SE 8.7est id\u00e9al pour tous ceux qui s&#039;entra\u00eenent avecFITLIGHT. Que vous travailliez surla vitesse de r\u00e9action, la coordinationoula r\u00e9habilitation, cette tablette vous offre les outils pourtirer le meilleur de vos entra\u00eenements.\" \/>\n<meta property=\"og:url\" content=\"https:\/\/dynamic-eye.de\/fr\/produkt\/fitlight-tablet\/\" \/>\n<meta property=\"og:site_name\" content=\"DynamicEye\" \/>\n<meta property=\"article:modified_time\" content=\"2026-03-12T08:55:21+00:00\" \/>\n<meta property=\"og:image\" content=\"https:\/\/dynamic-eye.de\/wp-content\/uploads\/2026\/03\/tablet-xiaomi-1.jpg\" \/>\n\t<meta property=\"og:image:width\" content=\"938\" \/>\n\t<meta property=\"og:image:height\" content=\"938\" \/>\n\t<meta property=\"og:image:type\" content=\"image\/jpeg\" \/>\n<meta name=\"twitter:card\" content=\"summary_large_image\" \/>\n<meta name=\"twitter:label1\" content=\"Dur\u00e9e de lecture estim\u00e9e\" \/>\n\t<meta name=\"twitter:data1\" content=\"1 minute\" \/>\n<script type=\"application\/ld+json\" class=\"yoast-schema-graph\">{\"@context\":\"https:\\\/\\\/schema.org\",\"@graph\":[{\"@type\":\"WebPage\",\"@id\":\"https:\\\/\\\/dynamic-eye.de\\\/fr\\\/produkt\\\/fitlight-tablet\\\/\",\"url\":\"https:\\\/\\\/dynamic-eye.de\\\/fr\\\/produkt\\\/fitlight-tablet\\\/\",\"name\":\"XIAOMI SE 8.7 (Android) for FITLIGHT - DynamicEye\",\"isPartOf\":{\"@id\":\"https:\\\/\\\/dynamic-eye.de\\\/#website\"},\"primaryImageOfPage\":{\"@id\":\"https:\\\/\\\/dynamic-eye.de\\\/fr\\\/produkt\\\/fitlight-tablet\\\/#primaryimage\"},\"image\":{\"@id\":\"https:\\\/\\\/dynamic-eye.de\\\/fr\\\/produkt\\\/fitlight-tablet\\\/#primaryimage\"},\"thumbnailUrl\":\"https:\\\/\\\/dynamic-eye.de\\\/wp-content\\\/uploads\\\/2026\\\/03\\\/tablet-xiaomi-1.jpg\",\"datePublished\":\"2026-03-12T08:52:29+00:00\",\"dateModified\":\"2026-03-12T08:55:21+00:00\",\"breadcrumb\":{\"@id\":\"https:\\\/\\\/dynamic-eye.de\\\/fr\\\/produkt\\\/fitlight-tablet\\\/#breadcrumb\"},\"inLanguage\":\"fr-FR\",\"potentialAction\":[{\"@type\":\"ReadAction\",\"target\":[\"https:\\\/\\\/dynamic-eye.de\\\/fr\\\/produkt\\\/fitlight-tablet\\\/\"]}]},{\"@type\":\"ImageObject\",\"inLanguage\":\"fr-FR\",\"@id\":\"https:\\\/\\\/dynamic-eye.de\\\/fr\\\/produkt\\\/fitlight-tablet\\\/#primaryimage\",\"url\":\"https:\\\/\\\/dynamic-eye.de\\\/wp-content\\\/uploads\\\/2026\\\/03\\\/tablet-xiaomi-1.jpg\",\"contentUrl\":\"https:\\\/\\\/dynamic-eye.de\\\/wp-content\\\/uploads\\\/2026\\\/03\\\/tablet-xiaomi-1.jpg\",\"width\":938,\"height\":938},{\"@type\":\"BreadcrumbList\",\"@id\":\"https:\\\/\\\/dynamic-eye.de\\\/fr\\\/produkt\\\/fitlight-tablet\\\/#breadcrumb\",\"itemListElement\":[{\"@type\":\"ListItem\",\"position\":1,\"name\":\"Startseite\",\"item\":\"https:\\\/\\\/dynamic-eye.de\\\/\"},{\"@type\":\"ListItem\",\"position\":2,\"name\":\"Boutique\",\"item\":\"https:\\\/\\\/dynamic-eye.de\\\/fr\\\/boutique\\\/\"},{\"@type\":\"ListItem\",\"position\":3,\"name\":\"XIAOMI SE 8.7 (Android) for FITLIGHT\"}]},{\"@type\":\"WebSite\",\"@id\":\"https:\\\/\\\/dynamic-eye.de\\\/#website\",\"url\":\"https:\\\/\\\/dynamic-eye.de\\\/\",\"name\":\"DynamicEye\",\"description\":\"Institut f\u00fcr Visual- und Kognitionstraining\",\"publisher\":{\"@id\":\"https:\\\/\\\/dynamic-eye.de\\\/#organization\"},\"potentialAction\":[{\"@type\":\"SearchAction\",\"target\":{\"@type\":\"EntryPoint\",\"urlTemplate\":\"https:\\\/\\\/dynamic-eye.de\\\/?s={search_term_string}\"},\"query-input\":{\"@type\":\"PropertyValueSpecification\",\"valueRequired\":true,\"valueName\":\"search_term_string\"}}],\"inLanguage\":\"fr-FR\"},{\"@type\":\"Organization\",\"@id\":\"https:\\\/\\\/dynamic-eye.de\\\/#organization\",\"name\":\"DynamicEye\",\"url\":\"https:\\\/\\\/dynamic-eye.de\\\/\",\"logo\":{\"@type\":\"ImageObject\",\"inLanguage\":\"fr-FR\",\"@id\":\"https:\\\/\\\/dynamic-eye.de\\\/#\\\/schema\\\/logo\\\/image\\\/\",\"url\":\"https:\\\/\\\/dynamic-eye.de\\\/wp-content\\\/uploads\\\/2020\\\/12\\\/DE_Logo_RGB_Claim_Dunkel.png\",\"contentUrl\":\"https:\\\/\\\/dynamic-eye.de\\\/wp-content\\\/uploads\\\/2020\\\/12\\\/DE_Logo_RGB_Claim_Dunkel.png\",\"width\":733,\"height\":149,\"caption\":\"DynamicEye\"},\"image\":{\"@id\":\"https:\\\/\\\/dynamic-eye.de\\\/#\\\/schema\\\/logo\\\/image\\\/\"}}]}<\/script>\n<!-- \/ Yoast SEO plugin. -->","yoast_head_json":{"title":"XIAOMI SE 8.7 (Android) for FITLIGHT - DynamicEye","robots":{"index":"index","follow":"follow","max-snippet":"max-snippet:-1","max-image-preview":"max-image-preview:large","max-video-preview":"max-video-preview:-1"},"canonical":"https:\/\/dynamic-eye.de\/fr\/produkt\/fitlight-tablet\/","og_locale":"fr_FR","og_type":"article","og_title":"XIAOMI SE 8.7 (Android) for FITLIGHT - DynamicEye","og_description":"Xiaomi Redmi Pad SE 8.7 \u2013 Le partenaire parfait pour FITLIGHT  LeXiaomi Redmi Pad SE 8.7est id\u00e9al pour tous ceux qui s'entra\u00eenent avecFITLIGHT. Que vous travailliez surla vitesse de r\u00e9action, la coordinationoula r\u00e9habilitation, cette tablette vous offre les outils pourtirer le meilleur de vos entra\u00eenements.","og_url":"https:\/\/dynamic-eye.de\/fr\/produkt\/fitlight-tablet\/","og_site_name":"DynamicEye","article_modified_time":"2026-03-12T08:55:21+00:00","og_image":[{"width":938,"height":938,"url":"https:\/\/dynamic-eye.de\/wp-content\/uploads\/2026\/03\/tablet-xiaomi-1.jpg","type":"image\/jpeg"}],"twitter_card":"summary_large_image","twitter_misc":{"Dur\u00e9e de lecture estim\u00e9e":"1 minute"},"schema":{"@context":"https:\/\/schema.org","@graph":[{"@type":"WebPage","@id":"https:\/\/dynamic-eye.de\/fr\/produkt\/fitlight-tablet\/","url":"https:\/\/dynamic-eye.de\/fr\/produkt\/fitlight-tablet\/","name":"XIAOMI SE 8.7 (Android) for FITLIGHT - DynamicEye","isPartOf":{"@id":"https:\/\/dynamic-eye.de\/#website"},"primaryImageOfPage":{"@id":"https:\/\/dynamic-eye.de\/fr\/produkt\/fitlight-tablet\/#primaryimage"},"image":{"@id":"https:\/\/dynamic-eye.de\/fr\/produkt\/fitlight-tablet\/#primaryimage"},"thumbnailUrl":"https:\/\/dynamic-eye.de\/wp-content\/uploads\/2026\/03\/tablet-xiaomi-1.jpg","datePublished":"2026-03-12T08:52:29+00:00","dateModified":"2026-03-12T08:55:21+00:00","breadcrumb":{"@id":"https:\/\/dynamic-eye.de\/fr\/produkt\/fitlight-tablet\/#breadcrumb"},"inLanguage":"fr-FR","potentialAction":[{"@type":"ReadAction","target":["https:\/\/dynamic-eye.de\/fr\/produkt\/fitlight-tablet\/"]}]},{"@type":"ImageObject","inLanguage":"fr-FR","@id":"https:\/\/dynamic-eye.de\/fr\/produkt\/fitlight-tablet\/#primaryimage","url":"https:\/\/dynamic-eye.de\/wp-content\/uploads\/2026\/03\/tablet-xiaomi-1.jpg","contentUrl":"https:\/\/dynamic-eye.de\/wp-content\/uploads\/2026\/03\/tablet-xiaomi-1.jpg","width":938,"height":938},{"@type":"BreadcrumbList","@id":"https:\/\/dynamic-eye.de\/fr\/produkt\/fitlight-tablet\/#breadcrumb","itemListElement":[{"@type":"ListItem","position":1,"name":"Startseite","item":"https:\/\/dynamic-eye.de\/"},{"@type":"ListItem","position":2,"name":"Boutique","item":"https:\/\/dynamic-eye.de\/fr\/boutique\/"},{"@type":"ListItem","position":3,"name":"XIAOMI SE 8.7 (Android) for FITLIGHT"}]},{"@type":"WebSite","@id":"https:\/\/dynamic-eye.de\/#website","url":"https:\/\/dynamic-eye.de\/","name":"DynamicEye","description":"Institut f\u00fcr Visual- und Kognitionstraining","publisher":{"@id":"https:\/\/dynamic-eye.de\/#organization"},"potentialAction":[{"@type":"SearchAction","target":{"@type":"EntryPoint","urlTemplate":"https:\/\/dynamic-eye.de\/?s={search_term_string}"},"query-input":{"@type":"PropertyValueSpecification","valueRequired":true,"valueName":"search_term_string"}}],"inLanguage":"fr-FR"},{"@type":"Organization","@id":"https:\/\/dynamic-eye.de\/#organization","name":"DynamicEye","url":"https:\/\/dynamic-eye.de\/","logo":{"@type":"ImageObject","inLanguage":"fr-FR","@id":"https:\/\/dynamic-eye.de\/#\/schema\/logo\/image\/","url":"https:\/\/dynamic-eye.de\/wp-content\/uploads\/2020\/12\/DE_Logo_RGB_Claim_Dunkel.png","contentUrl":"https:\/\/dynamic-eye.de\/wp-content\/uploads\/2020\/12\/DE_Logo_RGB_Claim_Dunkel.png","width":733,"height":149,"caption":"DynamicEye"},"image":{"@id":"https:\/\/dynamic-eye.de\/#\/schema\/logo\/image\/"}}]}},"_links":{"self":[{"href":"https:\/\/dynamic-eye.de\/fr\/wp-json\/wp\/v2\/product\/15943","targetHints":{"allow":["GET"]}}],"collection":[{"href":"https:\/\/dynamic-eye.de\/fr\/wp-json\/wp\/v2\/product"}],"about":[{"href":"https:\/\/dynamic-eye.de\/fr\/wp-json\/wp\/v2\/types\/product"}],"replies":[{"embeddable":true,"href":"https:\/\/dynamic-eye.de\/fr\/wp-json\/wp\/v2\/comments?post=15943"}],"wp:featuredmedia":[{"embeddable":true,"href":"https:\/\/dynamic-eye.de\/fr\/wp-json\/wp\/v2\/media\/15925"}],"wp:attachment":[{"href":"https:\/\/dynamic-eye.de\/fr\/wp-json\/wp\/v2\/media?parent=15943"}],"wp:term":[{"taxonomy":"product_brand","embeddable":true,"href":"https:\/\/dynamic-eye.de\/fr\/wp-json\/wp\/v2\/product_brand?post=15943"},{"taxonomy":"product_cat","embeddable":true,"href":"https:\/\/dynamic-eye.de\/fr\/wp-json\/wp\/v2\/product_cat?post=15943"},{"taxonomy":"product_tag","embeddable":true,"href":"https:\/\/dynamic-eye.de\/fr\/wp-json\/wp\/v2\/product_tag?post=15943"}],"curies":[{"name":"wp","href":"https:\/\/api.w.org\/{rel}","templated":true}]}}