{"id":7255,"date":"2021-10-11T08:08:13","date_gmt":"2021-10-11T08:08:13","guid":{"rendered":"https:\/\/dynamic-eye.de\/?post_type=product&#038;p=7255"},"modified":"2025-04-23T14:19:07","modified_gmt":"2025-04-23T14:19:07","slug":"fitlight-waist-clip-wall-mount","status":"publish","type":"product","link":"https:\/\/dynamic-eye.de\/fr\/produkt\/fitlight-waist-clip-wall-mount\/","title":{"rendered":"FITLIGHT Wall mount"},"content":{"rendered":"<p>En tant que \u00ab\u00a0support mural\u00a0\u00bb, il suffit de le visser au mur et d&rsquo;y fixer les capteurs. Convient pour les tests standard, par exemple. En tant que \u00ab\u00a0clips de taille\u00a0\u00bb, ils peuvent \u00eatre utilis\u00e9s avec une ceinture ou du Velcro (comme illustr\u00e9*). Le capteur est simplement attach\u00e9 au clip de taille et fix\u00e9 avec du Velcro au corps, au panier, au filet ou au \u00ab\u00a0bob\u00a0\u00bb.* Velcro non inclus.<\/p>\n","protected":false},"excerpt":{"rendered":"<p>Vous pouvez utiliser ces clips de diff\u00e9rentes mani\u00e8res : pour les fixer au mur et pour les fixer au corps\/r\u00e9seau, etc.<\/p>\n","protected":false},"featured_media":8843,"comment_status":"closed","ping_status":"closed","template":"","meta":{"inline_featured_image":false},"product_brand":[],"product_cat":[487],"product_tag":[563,565,113,567,409],"class_list":{"0":"post-7255","1":"product","2":"type-product","3":"status-publish","4":"has-post-thumbnail","6":"product_cat-fitlight-4","7":"product_tag-attache","8":"product_tag-ceinture","9":"product_tag-fitlight","10":"product_tag-porte-filet","11":"product_tag-velcro","12":"product_shipping_class-koffer-fr","13":"description-off","15":"first","16":"instock","17":"taxable","18":"shipping-taxable","19":"purchasable","20":"product-type-simple"},"yoast_head":"<!-- This site is optimized with the Yoast SEO plugin v27.3 - https:\/\/yoast.com\/product\/yoast-seo-wordpress\/ -->\n<title>FITLIGHT Wall mount - DynamicEye<\/title>\n<meta name=\"robots\" content=\"index, follow, max-snippet:-1, max-image-preview:large, max-video-preview:-1\" \/>\n<link rel=\"canonical\" href=\"https:\/\/dynamic-eye.de\/fr\/produkt\/fitlight-waist-clip-wall-mount\/\" \/>\n<meta property=\"og:locale\" content=\"fr_FR\" \/>\n<meta property=\"og:type\" content=\"article\" \/>\n<meta property=\"og:title\" content=\"FITLIGHT Wall mount - DynamicEye\" \/>\n<meta property=\"og:description\" content=\"Vous pouvez utiliser ces clips de diff\u00e9rentes mani\u00e8res : pour les fixer au mur et pour les fixer au corps\/r\u00e9seau, etc.\" \/>\n<meta property=\"og:url\" content=\"https:\/\/dynamic-eye.de\/fr\/produkt\/fitlight-waist-clip-wall-mount\/\" \/>\n<meta property=\"og:site_name\" content=\"DynamicEye\" \/>\n<meta property=\"article:modified_time\" content=\"2025-04-23T14:19:07+00:00\" \/>\n<meta property=\"og:image\" content=\"https:\/\/dynamic-eye.de\/wp-content\/uploads\/2021\/10\/Fitlight_Waist_Clip_DynamicEye.jpg\" \/>\n\t<meta property=\"og:image:width\" content=\"922\" \/>\n\t<meta property=\"og:image:height\" content=\"922\" \/>\n\t<meta property=\"og:image:type\" content=\"image\/jpeg\" \/>\n<meta name=\"twitter:card\" content=\"summary_large_image\" \/>\n<meta name=\"twitter:label1\" content=\"Dur\u00e9e de lecture estim\u00e9e\" \/>\n\t<meta name=\"twitter:data1\" content=\"1 minute\" \/>\n<script type=\"application\/ld+json\" class=\"yoast-schema-graph\">{\"@context\":\"https:\\\/\\\/schema.org\",\"@graph\":[{\"@type\":\"WebPage\",\"@id\":\"https:\\\/\\\/dynamic-eye.de\\\/fr\\\/produkt\\\/fitlight-waist-clip-wall-mount\\\/\",\"url\":\"https:\\\/\\\/dynamic-eye.de\\\/fr\\\/produkt\\\/fitlight-waist-clip-wall-mount\\\/\",\"name\":\"FITLIGHT Wall mount - DynamicEye\",\"isPartOf\":{\"@id\":\"https:\\\/\\\/dynamic-eye.de\\\/#website\"},\"primaryImageOfPage\":{\"@id\":\"https:\\\/\\\/dynamic-eye.de\\\/fr\\\/produkt\\\/fitlight-waist-clip-wall-mount\\\/#primaryimage\"},\"image\":{\"@id\":\"https:\\\/\\\/dynamic-eye.de\\\/fr\\\/produkt\\\/fitlight-waist-clip-wall-mount\\\/#primaryimage\"},\"thumbnailUrl\":\"https:\\\/\\\/dynamic-eye.de\\\/wp-content\\\/uploads\\\/2021\\\/10\\\/Fitlight_Waist_Clip_DynamicEye.jpg\",\"datePublished\":\"2021-10-11T08:08:13+00:00\",\"dateModified\":\"2025-04-23T14:19:07+00:00\",\"breadcrumb\":{\"@id\":\"https:\\\/\\\/dynamic-eye.de\\\/fr\\\/produkt\\\/fitlight-waist-clip-wall-mount\\\/#breadcrumb\"},\"inLanguage\":\"fr-FR\",\"potentialAction\":[{\"@type\":\"ReadAction\",\"target\":[\"https:\\\/\\\/dynamic-eye.de\\\/fr\\\/produkt\\\/fitlight-waist-clip-wall-mount\\\/\"]}]},{\"@type\":\"ImageObject\",\"inLanguage\":\"fr-FR\",\"@id\":\"https:\\\/\\\/dynamic-eye.de\\\/fr\\\/produkt\\\/fitlight-waist-clip-wall-mount\\\/#primaryimage\",\"url\":\"https:\\\/\\\/dynamic-eye.de\\\/wp-content\\\/uploads\\\/2021\\\/10\\\/Fitlight_Waist_Clip_DynamicEye.jpg\",\"contentUrl\":\"https:\\\/\\\/dynamic-eye.de\\\/wp-content\\\/uploads\\\/2021\\\/10\\\/Fitlight_Waist_Clip_DynamicEye.jpg\",\"width\":922,\"height\":922},{\"@type\":\"BreadcrumbList\",\"@id\":\"https:\\\/\\\/dynamic-eye.de\\\/fr\\\/produkt\\\/fitlight-waist-clip-wall-mount\\\/#breadcrumb\",\"itemListElement\":[{\"@type\":\"ListItem\",\"position\":1,\"name\":\"Startseite\",\"item\":\"https:\\\/\\\/dynamic-eye.de\\\/\"},{\"@type\":\"ListItem\",\"position\":2,\"name\":\"Boutique\",\"item\":\"https:\\\/\\\/dynamic-eye.de\\\/fr\\\/boutique\\\/\"},{\"@type\":\"ListItem\",\"position\":3,\"name\":\"FITLIGHT Wall mount\"}]},{\"@type\":\"WebSite\",\"@id\":\"https:\\\/\\\/dynamic-eye.de\\\/#website\",\"url\":\"https:\\\/\\\/dynamic-eye.de\\\/\",\"name\":\"DynamicEye\",\"description\":\"Institut f\u00fcr Visual- und Kognitionstraining\",\"publisher\":{\"@id\":\"https:\\\/\\\/dynamic-eye.de\\\/#organization\"},\"potentialAction\":[{\"@type\":\"SearchAction\",\"target\":{\"@type\":\"EntryPoint\",\"urlTemplate\":\"https:\\\/\\\/dynamic-eye.de\\\/?s={search_term_string}\"},\"query-input\":{\"@type\":\"PropertyValueSpecification\",\"valueRequired\":true,\"valueName\":\"search_term_string\"}}],\"inLanguage\":\"fr-FR\"},{\"@type\":\"Organization\",\"@id\":\"https:\\\/\\\/dynamic-eye.de\\\/#organization\",\"name\":\"DynamicEye\",\"url\":\"https:\\\/\\\/dynamic-eye.de\\\/\",\"logo\":{\"@type\":\"ImageObject\",\"inLanguage\":\"fr-FR\",\"@id\":\"https:\\\/\\\/dynamic-eye.de\\\/#\\\/schema\\\/logo\\\/image\\\/\",\"url\":\"https:\\\/\\\/dynamic-eye.de\\\/wp-content\\\/uploads\\\/2020\\\/12\\\/DE_Logo_RGB_Claim_Dunkel.png\",\"contentUrl\":\"https:\\\/\\\/dynamic-eye.de\\\/wp-content\\\/uploads\\\/2020\\\/12\\\/DE_Logo_RGB_Claim_Dunkel.png\",\"width\":733,\"height\":149,\"caption\":\"DynamicEye\"},\"image\":{\"@id\":\"https:\\\/\\\/dynamic-eye.de\\\/#\\\/schema\\\/logo\\\/image\\\/\"}}]}<\/script>\n<!-- \/ Yoast SEO plugin. -->","yoast_head_json":{"title":"FITLIGHT Wall mount - DynamicEye","robots":{"index":"index","follow":"follow","max-snippet":"max-snippet:-1","max-image-preview":"max-image-preview:large","max-video-preview":"max-video-preview:-1"},"canonical":"https:\/\/dynamic-eye.de\/fr\/produkt\/fitlight-waist-clip-wall-mount\/","og_locale":"fr_FR","og_type":"article","og_title":"FITLIGHT Wall mount - DynamicEye","og_description":"Vous pouvez utiliser ces clips de diff\u00e9rentes mani\u00e8res : pour les fixer au mur et pour les fixer au corps\/r\u00e9seau, etc.","og_url":"https:\/\/dynamic-eye.de\/fr\/produkt\/fitlight-waist-clip-wall-mount\/","og_site_name":"DynamicEye","article_modified_time":"2025-04-23T14:19:07+00:00","og_image":[{"width":922,"height":922,"url":"https:\/\/dynamic-eye.de\/wp-content\/uploads\/2021\/10\/Fitlight_Waist_Clip_DynamicEye.jpg","type":"image\/jpeg"}],"twitter_card":"summary_large_image","twitter_misc":{"Dur\u00e9e de lecture estim\u00e9e":"1 minute"},"schema":{"@context":"https:\/\/schema.org","@graph":[{"@type":"WebPage","@id":"https:\/\/dynamic-eye.de\/fr\/produkt\/fitlight-waist-clip-wall-mount\/","url":"https:\/\/dynamic-eye.de\/fr\/produkt\/fitlight-waist-clip-wall-mount\/","name":"FITLIGHT Wall mount - DynamicEye","isPartOf":{"@id":"https:\/\/dynamic-eye.de\/#website"},"primaryImageOfPage":{"@id":"https:\/\/dynamic-eye.de\/fr\/produkt\/fitlight-waist-clip-wall-mount\/#primaryimage"},"image":{"@id":"https:\/\/dynamic-eye.de\/fr\/produkt\/fitlight-waist-clip-wall-mount\/#primaryimage"},"thumbnailUrl":"https:\/\/dynamic-eye.de\/wp-content\/uploads\/2021\/10\/Fitlight_Waist_Clip_DynamicEye.jpg","datePublished":"2021-10-11T08:08:13+00:00","dateModified":"2025-04-23T14:19:07+00:00","breadcrumb":{"@id":"https:\/\/dynamic-eye.de\/fr\/produkt\/fitlight-waist-clip-wall-mount\/#breadcrumb"},"inLanguage":"fr-FR","potentialAction":[{"@type":"ReadAction","target":["https:\/\/dynamic-eye.de\/fr\/produkt\/fitlight-waist-clip-wall-mount\/"]}]},{"@type":"ImageObject","inLanguage":"fr-FR","@id":"https:\/\/dynamic-eye.de\/fr\/produkt\/fitlight-waist-clip-wall-mount\/#primaryimage","url":"https:\/\/dynamic-eye.de\/wp-content\/uploads\/2021\/10\/Fitlight_Waist_Clip_DynamicEye.jpg","contentUrl":"https:\/\/dynamic-eye.de\/wp-content\/uploads\/2021\/10\/Fitlight_Waist_Clip_DynamicEye.jpg","width":922,"height":922},{"@type":"BreadcrumbList","@id":"https:\/\/dynamic-eye.de\/fr\/produkt\/fitlight-waist-clip-wall-mount\/#breadcrumb","itemListElement":[{"@type":"ListItem","position":1,"name":"Startseite","item":"https:\/\/dynamic-eye.de\/"},{"@type":"ListItem","position":2,"name":"Boutique","item":"https:\/\/dynamic-eye.de\/fr\/boutique\/"},{"@type":"ListItem","position":3,"name":"FITLIGHT Wall mount"}]},{"@type":"WebSite","@id":"https:\/\/dynamic-eye.de\/#website","url":"https:\/\/dynamic-eye.de\/","name":"DynamicEye","description":"Institut f\u00fcr Visual- und Kognitionstraining","publisher":{"@id":"https:\/\/dynamic-eye.de\/#organization"},"potentialAction":[{"@type":"SearchAction","target":{"@type":"EntryPoint","urlTemplate":"https:\/\/dynamic-eye.de\/?s={search_term_string}"},"query-input":{"@type":"PropertyValueSpecification","valueRequired":true,"valueName":"search_term_string"}}],"inLanguage":"fr-FR"},{"@type":"Organization","@id":"https:\/\/dynamic-eye.de\/#organization","name":"DynamicEye","url":"https:\/\/dynamic-eye.de\/","logo":{"@type":"ImageObject","inLanguage":"fr-FR","@id":"https:\/\/dynamic-eye.de\/#\/schema\/logo\/image\/","url":"https:\/\/dynamic-eye.de\/wp-content\/uploads\/2020\/12\/DE_Logo_RGB_Claim_Dunkel.png","contentUrl":"https:\/\/dynamic-eye.de\/wp-content\/uploads\/2020\/12\/DE_Logo_RGB_Claim_Dunkel.png","width":733,"height":149,"caption":"DynamicEye"},"image":{"@id":"https:\/\/dynamic-eye.de\/#\/schema\/logo\/image\/"}}]}},"_links":{"self":[{"href":"https:\/\/dynamic-eye.de\/fr\/wp-json\/wp\/v2\/product\/7255","targetHints":{"allow":["GET"]}}],"collection":[{"href":"https:\/\/dynamic-eye.de\/fr\/wp-json\/wp\/v2\/product"}],"about":[{"href":"https:\/\/dynamic-eye.de\/fr\/wp-json\/wp\/v2\/types\/product"}],"replies":[{"embeddable":true,"href":"https:\/\/dynamic-eye.de\/fr\/wp-json\/wp\/v2\/comments?post=7255"}],"wp:featuredmedia":[{"embeddable":true,"href":"https:\/\/dynamic-eye.de\/fr\/wp-json\/wp\/v2\/media\/8843"}],"wp:attachment":[{"href":"https:\/\/dynamic-eye.de\/fr\/wp-json\/wp\/v2\/media?parent=7255"}],"wp:term":[{"taxonomy":"product_brand","embeddable":true,"href":"https:\/\/dynamic-eye.de\/fr\/wp-json\/wp\/v2\/product_brand?post=7255"},{"taxonomy":"product_cat","embeddable":true,"href":"https:\/\/dynamic-eye.de\/fr\/wp-json\/wp\/v2\/product_cat?post=7255"},{"taxonomy":"product_tag","embeddable":true,"href":"https:\/\/dynamic-eye.de\/fr\/wp-json\/wp\/v2\/product_tag?post=7255"}],"curies":[{"name":"wp","href":"https:\/\/api.w.org\/{rel}","templated":true}]}}