{"id":7267,"date":"2021-10-11T08:08:16","date_gmt":"2021-10-11T08:08:16","guid":{"rendered":"https:\/\/dynamic-eye.de\/?post_type=product&#038;p=7267"},"modified":"2026-03-06T11:50:29","modified_gmt":"2026-03-06T11:50:29","slug":"fitlight-power-8","status":"publish","type":"product","link":"https:\/\/dynamic-eye.de\/fr\/produkt\/fitlight-power-8\/","title":{"rendered":"FITLIGHT \u00ab\u00a0Power\u00a0\u00bb 8 DC 3.0"},"content":{"rendered":"<p>Le syst\u00e8me FITLIGHT\u00ae est un syst\u00e8me d&rsquo;entra\u00eenement dynamique de r\u00e9action d&rsquo;\u00e9lite compos\u00e9 de lumi\u00e8res LED sans fil. Les FITLIGHTS\u00ae sont \u00e9quip\u00e9s d&rsquo;un capteur brevet\u00e9 et enti\u00e8rement programmable pour les modes impact (toucher) et mouvement (distance). Les lumi\u00e8res sont extr\u00eamement durables, flexibles et peuvent \u00eatre facilement int\u00e9gr\u00e9es \u00e0 n&rsquo;importe quelle s\u00e9ance d&rsquo;entra\u00eenement pour am\u00e9liorer votre exp\u00e9rience. Les lumi\u00e8res conviennent \u00e0 une utilisation int\u00e9rieure et ext\u00e9rieure, ont une port\u00e9e de 50 \u00e0 75 m\u00e8tres de votre dispositif sans fil et peuvent contr\u00f4ler plusieurs groupes simultan\u00e9ment.<br \/>\nIls sont contr\u00f4l\u00e9s par l&rsquo;application FITLIGHT\u00ae, qui peut \u00eatre t\u00e9l\u00e9charg\u00e9e sur l&rsquo;Apple Store et le Google Play Store. Choisissez parmi plus de 30 exercices pr\u00e9programm\u00e9s ou cr\u00e9ez les v\u00f4tres. Cr\u00e9ez des joueurs et des groupes et enregistrez les donn\u00e9es pour v\u00e9rifier la progression ult\u00e9rieurement. Les possibilit\u00e9s sont infinies !<\/p>\n","protected":false},"excerpt":{"rendered":"<p>Fitlight \u00ab Power \u00bb 8 capteurs Fitlight (charge directe), dans un \u00e9tui de charge softshell avec 12 fentes, Fitlight App pour IOS ou Android,  connexion via Wifi ou Bluetooth, 8 clips velcro, 16 autocollants velcro, Dashboard, manuel, 2 ans de garantie (batteries 6 mois), Support &#038; Mises \u00e0 jour <\/p>\n<p>Id\u00e9al pour les formations de groupe<br \/>\nEnti\u00e8rement programmable et personnalisable<br \/>\nPreuve par \u00e9claboussure<br \/>\nPortable et pratique<br \/>\nExtensible jusqu&rsquo;\u00e0 32 lampes<\/p>\n","protected":false},"featured_media":13049,"comment_status":"closed","ping_status":"closed","template":"","meta":{"inline_featured_image":false},"product_brand":[],"product_cat":[487],"product_tag":[489,495,363,493,491,99,103,105,361,497],"class_list":{"0":"post-7267","1":"product","2":"type-product","3":"status-publish","4":"has-post-thumbnail","6":"product_cat-fitlight-4","7":"product_tag-agilite","8":"product_tag-avc","9":"product_tag-cognition","10":"product_tag-commotion-cerebrale","11":"product_tag-coordination-oeil-main","12":"product_tag-go-nogo","13":"product_tag-neurooptometrie","14":"product_tag-physiotherapie","15":"product_tag-reaction","16":"product_tag-vitesse","17":"product_shipping_class-koffer-fr","18":"description-off","20":"first","21":"instock","22":"taxable","23":"shipping-taxable","24":"purchasable","25":"product-type-simple"},"yoast_head":"<!-- This site is optimized with the Yoast SEO plugin v27.3 - https:\/\/yoast.com\/product\/yoast-seo-wordpress\/ -->\n<title>FITLIGHT &quot;Power&quot; 8 DC 3.0 - DynamicEye<\/title>\n<meta name=\"robots\" content=\"index, follow, max-snippet:-1, max-image-preview:large, max-video-preview:-1\" \/>\n<link rel=\"canonical\" href=\"https:\/\/dynamic-eye.de\/fr\/produkt\/fitlight-power-8\/\" \/>\n<meta property=\"og:locale\" content=\"fr_FR\" \/>\n<meta property=\"og:type\" content=\"article\" \/>\n<meta property=\"og:title\" content=\"FITLIGHT &quot;Power&quot; 8 DC 3.0 - DynamicEye\" \/>\n<meta property=\"og:description\" content=\"Fitlight \u00ab Power \u00bb 8 capteurs Fitlight (charge directe), dans un \u00e9tui de charge softshell avec 12 fentes, Fitlight App pour IOS ou Android, connexion via Wifi ou Bluetooth, 8 clips velcro, 16 autocollants velcro, Dashboard, manuel, 2 ans de garantie (batteries 6 mois), Support &amp; Mises \u00e0 jour   Id\u00e9al pour les formations de groupe Enti\u00e8rement programmable et personnalisable Preuve par \u00e9claboussure Portable et pratique Extensible jusqu&#039;\u00e0 32 lampes\" \/>\n<meta property=\"og:url\" content=\"https:\/\/dynamic-eye.de\/fr\/produkt\/fitlight-power-8\/\" \/>\n<meta property=\"og:site_name\" content=\"DynamicEye\" \/>\n<meta property=\"article:modified_time\" content=\"2026-03-06T11:50:29+00:00\" \/>\n<meta property=\"og:image\" content=\"https:\/\/dynamic-eye.de\/wp-content\/uploads\/2024\/06\/fitlight-8-2024.jpg\" \/>\n\t<meta property=\"og:image:width\" content=\"2048\" \/>\n\t<meta property=\"og:image:height\" content=\"1365\" \/>\n\t<meta property=\"og:image:type\" content=\"image\/jpeg\" \/>\n<meta name=\"twitter:card\" content=\"summary_large_image\" \/>\n<meta name=\"twitter:label1\" content=\"Dur\u00e9e de lecture estim\u00e9e\" \/>\n\t<meta name=\"twitter:data1\" content=\"1 minute\" \/>\n<script type=\"application\/ld+json\" class=\"yoast-schema-graph\">{\"@context\":\"https:\\\/\\\/schema.org\",\"@graph\":[{\"@type\":\"WebPage\",\"@id\":\"https:\\\/\\\/dynamic-eye.de\\\/fr\\\/produkt\\\/fitlight-power-8\\\/\",\"url\":\"https:\\\/\\\/dynamic-eye.de\\\/fr\\\/produkt\\\/fitlight-power-8\\\/\",\"name\":\"FITLIGHT \\\"Power\\\" 8 DC 3.0 - DynamicEye\",\"isPartOf\":{\"@id\":\"https:\\\/\\\/dynamic-eye.de\\\/#website\"},\"primaryImageOfPage\":{\"@id\":\"https:\\\/\\\/dynamic-eye.de\\\/fr\\\/produkt\\\/fitlight-power-8\\\/#primaryimage\"},\"image\":{\"@id\":\"https:\\\/\\\/dynamic-eye.de\\\/fr\\\/produkt\\\/fitlight-power-8\\\/#primaryimage\"},\"thumbnailUrl\":\"https:\\\/\\\/dynamic-eye.de\\\/wp-content\\\/uploads\\\/2024\\\/06\\\/fitlight-8-2024.jpg\",\"datePublished\":\"2021-10-11T08:08:16+00:00\",\"dateModified\":\"2026-03-06T11:50:29+00:00\",\"breadcrumb\":{\"@id\":\"https:\\\/\\\/dynamic-eye.de\\\/fr\\\/produkt\\\/fitlight-power-8\\\/#breadcrumb\"},\"inLanguage\":\"fr-FR\",\"potentialAction\":[{\"@type\":\"ReadAction\",\"target\":[\"https:\\\/\\\/dynamic-eye.de\\\/fr\\\/produkt\\\/fitlight-power-8\\\/\"]}]},{\"@type\":\"ImageObject\",\"inLanguage\":\"fr-FR\",\"@id\":\"https:\\\/\\\/dynamic-eye.de\\\/fr\\\/produkt\\\/fitlight-power-8\\\/#primaryimage\",\"url\":\"https:\\\/\\\/dynamic-eye.de\\\/wp-content\\\/uploads\\\/2024\\\/06\\\/fitlight-8-2024.jpg\",\"contentUrl\":\"https:\\\/\\\/dynamic-eye.de\\\/wp-content\\\/uploads\\\/2024\\\/06\\\/fitlight-8-2024.jpg\",\"width\":2048,\"height\":1365},{\"@type\":\"BreadcrumbList\",\"@id\":\"https:\\\/\\\/dynamic-eye.de\\\/fr\\\/produkt\\\/fitlight-power-8\\\/#breadcrumb\",\"itemListElement\":[{\"@type\":\"ListItem\",\"position\":1,\"name\":\"Startseite\",\"item\":\"https:\\\/\\\/dynamic-eye.de\\\/\"},{\"@type\":\"ListItem\",\"position\":2,\"name\":\"Boutique\",\"item\":\"https:\\\/\\\/dynamic-eye.de\\\/fr\\\/boutique\\\/\"},{\"@type\":\"ListItem\",\"position\":3,\"name\":\"FITLIGHT &#8222;Power&#8220; 8 DC 3.0\"}]},{\"@type\":\"WebSite\",\"@id\":\"https:\\\/\\\/dynamic-eye.de\\\/#website\",\"url\":\"https:\\\/\\\/dynamic-eye.de\\\/\",\"name\":\"DynamicEye\",\"description\":\"Institut f\u00fcr Visual- und Kognitionstraining\",\"publisher\":{\"@id\":\"https:\\\/\\\/dynamic-eye.de\\\/#organization\"},\"potentialAction\":[{\"@type\":\"SearchAction\",\"target\":{\"@type\":\"EntryPoint\",\"urlTemplate\":\"https:\\\/\\\/dynamic-eye.de\\\/?s={search_term_string}\"},\"query-input\":{\"@type\":\"PropertyValueSpecification\",\"valueRequired\":true,\"valueName\":\"search_term_string\"}}],\"inLanguage\":\"fr-FR\"},{\"@type\":\"Organization\",\"@id\":\"https:\\\/\\\/dynamic-eye.de\\\/#organization\",\"name\":\"DynamicEye\",\"url\":\"https:\\\/\\\/dynamic-eye.de\\\/\",\"logo\":{\"@type\":\"ImageObject\",\"inLanguage\":\"fr-FR\",\"@id\":\"https:\\\/\\\/dynamic-eye.de\\\/#\\\/schema\\\/logo\\\/image\\\/\",\"url\":\"https:\\\/\\\/dynamic-eye.de\\\/wp-content\\\/uploads\\\/2020\\\/12\\\/DE_Logo_RGB_Claim_Dunkel.png\",\"contentUrl\":\"https:\\\/\\\/dynamic-eye.de\\\/wp-content\\\/uploads\\\/2020\\\/12\\\/DE_Logo_RGB_Claim_Dunkel.png\",\"width\":733,\"height\":149,\"caption\":\"DynamicEye\"},\"image\":{\"@id\":\"https:\\\/\\\/dynamic-eye.de\\\/#\\\/schema\\\/logo\\\/image\\\/\"}}]}<\/script>\n<!-- \/ Yoast SEO plugin. -->","yoast_head_json":{"title":"FITLIGHT \"Power\" 8 DC 3.0 - DynamicEye","robots":{"index":"index","follow":"follow","max-snippet":"max-snippet:-1","max-image-preview":"max-image-preview:large","max-video-preview":"max-video-preview:-1"},"canonical":"https:\/\/dynamic-eye.de\/fr\/produkt\/fitlight-power-8\/","og_locale":"fr_FR","og_type":"article","og_title":"FITLIGHT \"Power\" 8 DC 3.0 - DynamicEye","og_description":"Fitlight \u00ab Power \u00bb 8 capteurs Fitlight (charge directe), dans un \u00e9tui de charge softshell avec 12 fentes, Fitlight App pour IOS ou Android, connexion via Wifi ou Bluetooth, 8 clips velcro, 16 autocollants velcro, Dashboard, manuel, 2 ans de garantie (batteries 6 mois), Support & Mises \u00e0 jour   Id\u00e9al pour les formations de groupe Enti\u00e8rement programmable et personnalisable Preuve par \u00e9claboussure Portable et pratique Extensible jusqu'\u00e0 32 lampes","og_url":"https:\/\/dynamic-eye.de\/fr\/produkt\/fitlight-power-8\/","og_site_name":"DynamicEye","article_modified_time":"2026-03-06T11:50:29+00:00","og_image":[{"width":2048,"height":1365,"url":"https:\/\/dynamic-eye.de\/wp-content\/uploads\/2024\/06\/fitlight-8-2024.jpg","type":"image\/jpeg"}],"twitter_card":"summary_large_image","twitter_misc":{"Dur\u00e9e de lecture estim\u00e9e":"1 minute"},"schema":{"@context":"https:\/\/schema.org","@graph":[{"@type":"WebPage","@id":"https:\/\/dynamic-eye.de\/fr\/produkt\/fitlight-power-8\/","url":"https:\/\/dynamic-eye.de\/fr\/produkt\/fitlight-power-8\/","name":"FITLIGHT \"Power\" 8 DC 3.0 - DynamicEye","isPartOf":{"@id":"https:\/\/dynamic-eye.de\/#website"},"primaryImageOfPage":{"@id":"https:\/\/dynamic-eye.de\/fr\/produkt\/fitlight-power-8\/#primaryimage"},"image":{"@id":"https:\/\/dynamic-eye.de\/fr\/produkt\/fitlight-power-8\/#primaryimage"},"thumbnailUrl":"https:\/\/dynamic-eye.de\/wp-content\/uploads\/2024\/06\/fitlight-8-2024.jpg","datePublished":"2021-10-11T08:08:16+00:00","dateModified":"2026-03-06T11:50:29+00:00","breadcrumb":{"@id":"https:\/\/dynamic-eye.de\/fr\/produkt\/fitlight-power-8\/#breadcrumb"},"inLanguage":"fr-FR","potentialAction":[{"@type":"ReadAction","target":["https:\/\/dynamic-eye.de\/fr\/produkt\/fitlight-power-8\/"]}]},{"@type":"ImageObject","inLanguage":"fr-FR","@id":"https:\/\/dynamic-eye.de\/fr\/produkt\/fitlight-power-8\/#primaryimage","url":"https:\/\/dynamic-eye.de\/wp-content\/uploads\/2024\/06\/fitlight-8-2024.jpg","contentUrl":"https:\/\/dynamic-eye.de\/wp-content\/uploads\/2024\/06\/fitlight-8-2024.jpg","width":2048,"height":1365},{"@type":"BreadcrumbList","@id":"https:\/\/dynamic-eye.de\/fr\/produkt\/fitlight-power-8\/#breadcrumb","itemListElement":[{"@type":"ListItem","position":1,"name":"Startseite","item":"https:\/\/dynamic-eye.de\/"},{"@type":"ListItem","position":2,"name":"Boutique","item":"https:\/\/dynamic-eye.de\/fr\/boutique\/"},{"@type":"ListItem","position":3,"name":"FITLIGHT &#8222;Power&#8220; 8 DC 3.0"}]},{"@type":"WebSite","@id":"https:\/\/dynamic-eye.de\/#website","url":"https:\/\/dynamic-eye.de\/","name":"DynamicEye","description":"Institut f\u00fcr Visual- und Kognitionstraining","publisher":{"@id":"https:\/\/dynamic-eye.de\/#organization"},"potentialAction":[{"@type":"SearchAction","target":{"@type":"EntryPoint","urlTemplate":"https:\/\/dynamic-eye.de\/?s={search_term_string}"},"query-input":{"@type":"PropertyValueSpecification","valueRequired":true,"valueName":"search_term_string"}}],"inLanguage":"fr-FR"},{"@type":"Organization","@id":"https:\/\/dynamic-eye.de\/#organization","name":"DynamicEye","url":"https:\/\/dynamic-eye.de\/","logo":{"@type":"ImageObject","inLanguage":"fr-FR","@id":"https:\/\/dynamic-eye.de\/#\/schema\/logo\/image\/","url":"https:\/\/dynamic-eye.de\/wp-content\/uploads\/2020\/12\/DE_Logo_RGB_Claim_Dunkel.png","contentUrl":"https:\/\/dynamic-eye.de\/wp-content\/uploads\/2020\/12\/DE_Logo_RGB_Claim_Dunkel.png","width":733,"height":149,"caption":"DynamicEye"},"image":{"@id":"https:\/\/dynamic-eye.de\/#\/schema\/logo\/image\/"}}]}},"_links":{"self":[{"href":"https:\/\/dynamic-eye.de\/fr\/wp-json\/wp\/v2\/product\/7267","targetHints":{"allow":["GET"]}}],"collection":[{"href":"https:\/\/dynamic-eye.de\/fr\/wp-json\/wp\/v2\/product"}],"about":[{"href":"https:\/\/dynamic-eye.de\/fr\/wp-json\/wp\/v2\/types\/product"}],"replies":[{"embeddable":true,"href":"https:\/\/dynamic-eye.de\/fr\/wp-json\/wp\/v2\/comments?post=7267"}],"wp:featuredmedia":[{"embeddable":true,"href":"https:\/\/dynamic-eye.de\/fr\/wp-json\/wp\/v2\/media\/13049"}],"wp:attachment":[{"href":"https:\/\/dynamic-eye.de\/fr\/wp-json\/wp\/v2\/media?parent=7267"}],"wp:term":[{"taxonomy":"product_brand","embeddable":true,"href":"https:\/\/dynamic-eye.de\/fr\/wp-json\/wp\/v2\/product_brand?post=7267"},{"taxonomy":"product_cat","embeddable":true,"href":"https:\/\/dynamic-eye.de\/fr\/wp-json\/wp\/v2\/product_cat?post=7267"},{"taxonomy":"product_tag","embeddable":true,"href":"https:\/\/dynamic-eye.de\/fr\/wp-json\/wp\/v2\/product_tag?post=7267"}],"curies":[{"name":"wp","href":"https:\/\/api.w.org\/{rel}","templated":true}]}}