{"id":8697,"date":"2022-08-09T15:03:50","date_gmt":"2022-08-09T15:03:50","guid":{"rendered":"https:\/\/dynamic-eye.de\/produkt\/fitlight-malette\/"},"modified":"2022-08-09T15:03:50","modified_gmt":"2022-08-09T15:03:50","slug":"fitlight-malette","status":"publish","type":"product","link":"https:\/\/dynamic-eye.de\/fr\/produkt\/fitlight-malette\/","title":{"rendered":"FITLIGHT malette"},"content":{"rendered":"<p>Notre nouvelle malette rigide, \u00e9l\u00e9gante et l\u00e9g\u00e8re, est le compl\u00e9ment id\u00e9al de votre syst\u00e8me FITLIGHT. Ces \u00e9tuis sont tr\u00e8s bien con\u00e7us et \u00e9l\u00e9gants tout en ajoutant une durabilit\u00e9 et une protection suppl\u00e9mentaires. Doux au toucher et offrant portabilit\u00e9 et rangement \u00e0 votre FITLIGHTS\u00ae, avec une fermeture \u00e0 glissi\u00e8re simple et une poign\u00e9e durable pour un transport facile. Pour recharger jusqu&rsquo;\u00e0 12 capteurs FITLIGHT sur les prises de charge DC int\u00e9gr\u00e9es.<\/p>\n<p>&nbsp;<\/p>\n<h3><strong>Features:<\/strong><\/h3>\n<ul>\n<li>\u00c9tui \u00e0 coque rigide de qualit\u00e9 sup\u00e9rieure avec fermeture \u00e0 glissi\u00e8re pour une protection maximale.<\/li>\n<li>L\u00e9ger, avec une poign\u00e9e confortable et flexible pour un transport facile.<\/li>\n<li>\u00c9tanche et robuste<\/li>\n<li>Stockez, transportez et chargez jusqu&rsquo;\u00e0 12 FITLIGHTS \u00e0 prise DC\/r\u00e9guli\u00e8re.<\/li>\n<li>Mousse souple et flexible permettant de placer facilement les FITLIGHTS\u00ae.<\/li>\n<li>Compartiment\/poche pour le rangement du bloc d&rsquo;alimentation, du velcro ou de petits accessoires<\/li>\n<\/ul>\n<p>&nbsp;<\/p>\n<p>La mallette ne convient qu&rsquo;aux capteurs DC-Jack. Le bloc d&rsquo;alimentation et les capteurs ne font pas partie de la livraison.<\/p>\n<p>&nbsp;<\/p>\n<p>Poids : 1,72 kg<\/p>\n<p>Dimensions (pouces) :36 x 36 x 15<\/p>\n","protected":false},"excerpt":{"rendered":"<p>Notre nouvelle malette rigide, \u00e9l\u00e9gante et l\u00e9g\u00e8re, est le compl\u00e9ment id\u00e9al de votre syst\u00e8me FITLIGHT. Ces \u00e9tuis sont tr\u00e8s bien con\u00e7us et \u00e9l\u00e9gants tout en ajoutant une durabilit\u00e9 et une protection suppl\u00e9mentaires. Doux au toucher et offrant portabilit\u00e9 et rangement \u00e0 votre FITLIGHTS\u00ae, avec une fermeture \u00e0 glissi\u00e8re simple et une poign\u00e9e durable pour un&hellip;<\/p>\n","protected":false},"featured_media":8679,"comment_status":"closed","ping_status":"closed","template":"","meta":{"inline_featured_image":false},"product_brand":[],"product_cat":[475],"product_tag":[],"class_list":{"0":"post-8697","1":"product","2":"type-product","3":"status-publish","4":"has-post-thumbnail","6":"product_cat-non-classifiee","7":"description-off","9":"first","10":"instock","11":"taxable","12":"shipping-taxable","13":"purchasable","14":"product-type-simple"},"yoast_head":"<!-- This site is optimized with the Yoast SEO plugin v27.3 - https:\/\/yoast.com\/product\/yoast-seo-wordpress\/ -->\n<title>FITLIGHT malette - DynamicEye<\/title>\n<meta name=\"robots\" content=\"index, follow, max-snippet:-1, max-image-preview:large, max-video-preview:-1\" \/>\n<link rel=\"canonical\" href=\"https:\/\/dynamic-eye.de\/produkt\/fitlight-koffer\/\" \/>\n<meta property=\"og:locale\" content=\"fr_FR\" \/>\n<meta property=\"og:type\" content=\"article\" \/>\n<meta property=\"og:title\" content=\"FITLIGHT malette - DynamicEye\" \/>\n<meta property=\"og:description\" content=\"Notre nouvelle malette rigide, \u00e9l\u00e9gante et l\u00e9g\u00e8re, est le compl\u00e9ment id\u00e9al de votre syst\u00e8me FITLIGHT. Ces \u00e9tuis sont tr\u00e8s bien con\u00e7us et \u00e9l\u00e9gants tout en ajoutant une durabilit\u00e9 et une protection suppl\u00e9mentaires. Doux au toucher et offrant portabilit\u00e9 et rangement \u00e0 votre FITLIGHTS\u00ae, avec une fermeture \u00e0 glissi\u00e8re simple et une poign\u00e9e durable pour un&hellip;\" \/>\n<meta property=\"og:url\" content=\"https:\/\/dynamic-eye.de\/produkt\/fitlight-koffer\/\" \/>\n<meta property=\"og:site_name\" content=\"DynamicEye\" \/>\n<meta property=\"og:image\" content=\"https:\/\/dynamic-eye.de\/wp-content\/uploads\/2022\/08\/2-1024x683.png\" \/>\n\t<meta property=\"og:image:width\" content=\"1024\" \/>\n\t<meta property=\"og:image:height\" content=\"683\" \/>\n\t<meta property=\"og:image:type\" content=\"image\/png\" \/>\n<meta name=\"twitter:card\" content=\"summary_large_image\" \/>\n<meta name=\"twitter:label1\" content=\"Dur\u00e9e de lecture estim\u00e9e\" \/>\n\t<meta name=\"twitter:data1\" content=\"1 minute\" \/>\n<script type=\"application\/ld+json\" class=\"yoast-schema-graph\">{\"@context\":\"https:\\\/\\\/schema.org\",\"@graph\":[{\"@type\":\"WebPage\",\"@id\":\"https:\\\/\\\/dynamic-eye.de\\\/produkt\\\/fitlight-koffer\\\/\",\"url\":\"https:\\\/\\\/dynamic-eye.de\\\/produkt\\\/fitlight-koffer\\\/\",\"name\":\"FITLIGHT malette - DynamicEye\",\"isPartOf\":{\"@id\":\"https:\\\/\\\/dynamic-eye.de\\\/#website\"},\"primaryImageOfPage\":{\"@id\":\"https:\\\/\\\/dynamic-eye.de\\\/produkt\\\/fitlight-koffer\\\/#primaryimage\"},\"image\":{\"@id\":\"https:\\\/\\\/dynamic-eye.de\\\/produkt\\\/fitlight-koffer\\\/#primaryimage\"},\"thumbnailUrl\":\"https:\\\/\\\/dynamic-eye.de\\\/wp-content\\\/uploads\\\/2022\\\/08\\\/2.png\",\"datePublished\":\"2022-08-09T15:03:50+00:00\",\"breadcrumb\":{\"@id\":\"https:\\\/\\\/dynamic-eye.de\\\/produkt\\\/fitlight-koffer\\\/#breadcrumb\"},\"inLanguage\":\"fr-FR\",\"potentialAction\":[{\"@type\":\"ReadAction\",\"target\":[\"https:\\\/\\\/dynamic-eye.de\\\/produkt\\\/fitlight-koffer\\\/\"]}]},{\"@type\":\"ImageObject\",\"inLanguage\":\"fr-FR\",\"@id\":\"https:\\\/\\\/dynamic-eye.de\\\/produkt\\\/fitlight-koffer\\\/#primaryimage\",\"url\":\"https:\\\/\\\/dynamic-eye.de\\\/wp-content\\\/uploads\\\/2022\\\/08\\\/2.png\",\"contentUrl\":\"https:\\\/\\\/dynamic-eye.de\\\/wp-content\\\/uploads\\\/2022\\\/08\\\/2.png\",\"width\":2048,\"height\":1365},{\"@type\":\"BreadcrumbList\",\"@id\":\"https:\\\/\\\/dynamic-eye.de\\\/produkt\\\/fitlight-koffer\\\/#breadcrumb\",\"itemListElement\":[{\"@type\":\"ListItem\",\"position\":1,\"name\":\"Startseite\",\"item\":\"https:\\\/\\\/dynamic-eye.de\\\/\"},{\"@type\":\"ListItem\",\"position\":2,\"name\":\"Boutique\",\"item\":\"https:\\\/\\\/dynamic-eye.de\\\/fr\\\/boutique\\\/\"},{\"@type\":\"ListItem\",\"position\":3,\"name\":\"FITLIGHT malette\"}]},{\"@type\":\"WebSite\",\"@id\":\"https:\\\/\\\/dynamic-eye.de\\\/#website\",\"url\":\"https:\\\/\\\/dynamic-eye.de\\\/\",\"name\":\"DynamicEye\",\"description\":\"Institut f\u00fcr Visual- und Kognitionstraining\",\"publisher\":{\"@id\":\"https:\\\/\\\/dynamic-eye.de\\\/#organization\"},\"potentialAction\":[{\"@type\":\"SearchAction\",\"target\":{\"@type\":\"EntryPoint\",\"urlTemplate\":\"https:\\\/\\\/dynamic-eye.de\\\/?s={search_term_string}\"},\"query-input\":{\"@type\":\"PropertyValueSpecification\",\"valueRequired\":true,\"valueName\":\"search_term_string\"}}],\"inLanguage\":\"fr-FR\"},{\"@type\":\"Organization\",\"@id\":\"https:\\\/\\\/dynamic-eye.de\\\/#organization\",\"name\":\"DynamicEye\",\"url\":\"https:\\\/\\\/dynamic-eye.de\\\/\",\"logo\":{\"@type\":\"ImageObject\",\"inLanguage\":\"fr-FR\",\"@id\":\"https:\\\/\\\/dynamic-eye.de\\\/#\\\/schema\\\/logo\\\/image\\\/\",\"url\":\"https:\\\/\\\/dynamic-eye.de\\\/wp-content\\\/uploads\\\/2020\\\/12\\\/DE_Logo_RGB_Claim_Dunkel.png\",\"contentUrl\":\"https:\\\/\\\/dynamic-eye.de\\\/wp-content\\\/uploads\\\/2020\\\/12\\\/DE_Logo_RGB_Claim_Dunkel.png\",\"width\":733,\"height\":149,\"caption\":\"DynamicEye\"},\"image\":{\"@id\":\"https:\\\/\\\/dynamic-eye.de\\\/#\\\/schema\\\/logo\\\/image\\\/\"}}]}<\/script>\n<!-- \/ Yoast SEO plugin. -->","yoast_head_json":{"title":"FITLIGHT malette - DynamicEye","robots":{"index":"index","follow":"follow","max-snippet":"max-snippet:-1","max-image-preview":"max-image-preview:large","max-video-preview":"max-video-preview:-1"},"canonical":"https:\/\/dynamic-eye.de\/produkt\/fitlight-koffer\/","og_locale":"fr_FR","og_type":"article","og_title":"FITLIGHT malette - DynamicEye","og_description":"Notre nouvelle malette rigide, \u00e9l\u00e9gante et l\u00e9g\u00e8re, est le compl\u00e9ment id\u00e9al de votre syst\u00e8me FITLIGHT. Ces \u00e9tuis sont tr\u00e8s bien con\u00e7us et \u00e9l\u00e9gants tout en ajoutant une durabilit\u00e9 et une protection suppl\u00e9mentaires. Doux au toucher et offrant portabilit\u00e9 et rangement \u00e0 votre FITLIGHTS\u00ae, avec une fermeture \u00e0 glissi\u00e8re simple et une poign\u00e9e durable pour un&hellip;","og_url":"https:\/\/dynamic-eye.de\/produkt\/fitlight-koffer\/","og_site_name":"DynamicEye","og_image":[{"width":1024,"height":683,"url":"https:\/\/dynamic-eye.de\/wp-content\/uploads\/2022\/08\/2-1024x683.png","type":"image\/png"}],"twitter_card":"summary_large_image","twitter_misc":{"Dur\u00e9e de lecture estim\u00e9e":"1 minute"},"schema":{"@context":"https:\/\/schema.org","@graph":[{"@type":"WebPage","@id":"https:\/\/dynamic-eye.de\/produkt\/fitlight-koffer\/","url":"https:\/\/dynamic-eye.de\/produkt\/fitlight-koffer\/","name":"FITLIGHT malette - DynamicEye","isPartOf":{"@id":"https:\/\/dynamic-eye.de\/#website"},"primaryImageOfPage":{"@id":"https:\/\/dynamic-eye.de\/produkt\/fitlight-koffer\/#primaryimage"},"image":{"@id":"https:\/\/dynamic-eye.de\/produkt\/fitlight-koffer\/#primaryimage"},"thumbnailUrl":"https:\/\/dynamic-eye.de\/wp-content\/uploads\/2022\/08\/2.png","datePublished":"2022-08-09T15:03:50+00:00","breadcrumb":{"@id":"https:\/\/dynamic-eye.de\/produkt\/fitlight-koffer\/#breadcrumb"},"inLanguage":"fr-FR","potentialAction":[{"@type":"ReadAction","target":["https:\/\/dynamic-eye.de\/produkt\/fitlight-koffer\/"]}]},{"@type":"ImageObject","inLanguage":"fr-FR","@id":"https:\/\/dynamic-eye.de\/produkt\/fitlight-koffer\/#primaryimage","url":"https:\/\/dynamic-eye.de\/wp-content\/uploads\/2022\/08\/2.png","contentUrl":"https:\/\/dynamic-eye.de\/wp-content\/uploads\/2022\/08\/2.png","width":2048,"height":1365},{"@type":"BreadcrumbList","@id":"https:\/\/dynamic-eye.de\/produkt\/fitlight-koffer\/#breadcrumb","itemListElement":[{"@type":"ListItem","position":1,"name":"Startseite","item":"https:\/\/dynamic-eye.de\/"},{"@type":"ListItem","position":2,"name":"Boutique","item":"https:\/\/dynamic-eye.de\/fr\/boutique\/"},{"@type":"ListItem","position":3,"name":"FITLIGHT malette"}]},{"@type":"WebSite","@id":"https:\/\/dynamic-eye.de\/#website","url":"https:\/\/dynamic-eye.de\/","name":"DynamicEye","description":"Institut f\u00fcr Visual- und Kognitionstraining","publisher":{"@id":"https:\/\/dynamic-eye.de\/#organization"},"potentialAction":[{"@type":"SearchAction","target":{"@type":"EntryPoint","urlTemplate":"https:\/\/dynamic-eye.de\/?s={search_term_string}"},"query-input":{"@type":"PropertyValueSpecification","valueRequired":true,"valueName":"search_term_string"}}],"inLanguage":"fr-FR"},{"@type":"Organization","@id":"https:\/\/dynamic-eye.de\/#organization","name":"DynamicEye","url":"https:\/\/dynamic-eye.de\/","logo":{"@type":"ImageObject","inLanguage":"fr-FR","@id":"https:\/\/dynamic-eye.de\/#\/schema\/logo\/image\/","url":"https:\/\/dynamic-eye.de\/wp-content\/uploads\/2020\/12\/DE_Logo_RGB_Claim_Dunkel.png","contentUrl":"https:\/\/dynamic-eye.de\/wp-content\/uploads\/2020\/12\/DE_Logo_RGB_Claim_Dunkel.png","width":733,"height":149,"caption":"DynamicEye"},"image":{"@id":"https:\/\/dynamic-eye.de\/#\/schema\/logo\/image\/"}}]}},"_links":{"self":[{"href":"https:\/\/dynamic-eye.de\/fr\/wp-json\/wp\/v2\/product\/8697","targetHints":{"allow":["GET"]}}],"collection":[{"href":"https:\/\/dynamic-eye.de\/fr\/wp-json\/wp\/v2\/product"}],"about":[{"href":"https:\/\/dynamic-eye.de\/fr\/wp-json\/wp\/v2\/types\/product"}],"replies":[{"embeddable":true,"href":"https:\/\/dynamic-eye.de\/fr\/wp-json\/wp\/v2\/comments?post=8697"}],"wp:featuredmedia":[{"embeddable":true,"href":"https:\/\/dynamic-eye.de\/fr\/wp-json\/wp\/v2\/media\/8679"}],"wp:attachment":[{"href":"https:\/\/dynamic-eye.de\/fr\/wp-json\/wp\/v2\/media?parent=8697"}],"wp:term":[{"taxonomy":"product_brand","embeddable":true,"href":"https:\/\/dynamic-eye.de\/fr\/wp-json\/wp\/v2\/product_brand?post=8697"},{"taxonomy":"product_cat","embeddable":true,"href":"https:\/\/dynamic-eye.de\/fr\/wp-json\/wp\/v2\/product_cat?post=8697"},{"taxonomy":"product_tag","embeddable":true,"href":"https:\/\/dynamic-eye.de\/fr\/wp-json\/wp\/v2\/product_tag?post=8697"}],"curies":[{"name":"wp","href":"https:\/\/api.w.org\/{rel}","templated":true}]}}