{"id":8709,"date":"2022-08-11T07:44:52","date_gmt":"2022-08-11T07:44:52","guid":{"rendered":"https:\/\/dynamic-eye.de\/?post_type=product&#038;p=8709"},"modified":"2025-04-23T14:24:11","modified_gmt":"2025-04-23T14:24:11","slug":"fitlight-litebase-le-noir","status":"publish","type":"product","link":"https:\/\/dynamic-eye.de\/fr\/produkt\/fitlight-litebase-le-noir\/","title":{"rendered":"FITLIGHT Litebase (Le noir)"},"content":{"rendered":"<p>Ces pieds en silicone sont id\u00e9aux pour fixer les capteurs FITLIGHT au sol pendant un exercice car ils offrent une tr\u00e8s grande r\u00e9sistance au glissement. Les Litebase ne sont pas seulement un compl\u00e9ment utile au syst\u00e8me FITLIGHT, mais agissent \u00e9galement comme un stimulus cognitif suppl\u00e9mentaire, en fonction de la configuration de l&rsquo;exercice..<\/p>\n","protected":false},"excerpt":{"rendered":"<p>Disponible en le noir (selon les stocks).<\/p>\n","protected":false},"featured_media":5301,"comment_status":"closed","ping_status":"closed","template":"","meta":{"inline_featured_image":false},"product_brand":[],"product_cat":[487],"product_tag":[547,113,549,329,427],"class_list":{"0":"post-8709","1":"product","2":"type-product","3":"status-publish","4":"has-post-thumbnail","6":"product_cat-fitlight-4","7":"product_tag-couleurs","8":"product_tag-fitlight","9":"product_tag-pied","10":"product_tag-silicone","11":"product_tag-traction","12":"product_shipping_class-koffer-fr","13":"description-off","15":"first","16":"instock","17":"taxable","18":"shipping-taxable","19":"purchasable","20":"product-type-simple"},"yoast_head":"<!-- This site is optimized with the Yoast SEO plugin v27.3 - https:\/\/yoast.com\/product\/yoast-seo-wordpress\/ -->\n<title>FITLIGHT Litebase (Le noir) - DynamicEye<\/title>\n<meta name=\"robots\" content=\"index, follow, max-snippet:-1, max-image-preview:large, max-video-preview:-1\" \/>\n<link rel=\"canonical\" href=\"https:\/\/dynamic-eye.de\/fr\/produkt\/fitlight-litebase-le-noir\/\" \/>\n<meta property=\"og:locale\" content=\"fr_FR\" \/>\n<meta property=\"og:type\" content=\"article\" \/>\n<meta property=\"og:title\" content=\"FITLIGHT Litebase (Le noir) - DynamicEye\" \/>\n<meta property=\"og:description\" content=\"Disponible en le noir (selon les stocks).\" \/>\n<meta property=\"og:url\" content=\"https:\/\/dynamic-eye.de\/fr\/produkt\/fitlight-litebase-le-noir\/\" \/>\n<meta property=\"og:site_name\" content=\"DynamicEye\" \/>\n<meta property=\"article:modified_time\" content=\"2025-04-23T14:24:11+00:00\" \/>\n<meta property=\"og:image\" content=\"https:\/\/dynamic-eye.de\/wp-content\/uploads\/2021\/07\/Fitlight_Litebase_Leistungssportler_Koeln.jpeg\" \/>\n\t<meta property=\"og:image:width\" content=\"1800\" \/>\n\t<meta property=\"og:image:height\" content=\"1200\" \/>\n\t<meta property=\"og:image:type\" content=\"image\/jpeg\" \/>\n<meta name=\"twitter:card\" content=\"summary_large_image\" \/>\n<meta name=\"twitter:label1\" content=\"Dur\u00e9e de lecture estim\u00e9e\" \/>\n\t<meta name=\"twitter:data1\" content=\"1 minute\" \/>\n<script type=\"application\/ld+json\" class=\"yoast-schema-graph\">{\"@context\":\"https:\\\/\\\/schema.org\",\"@graph\":[{\"@type\":\"WebPage\",\"@id\":\"https:\\\/\\\/dynamic-eye.de\\\/fr\\\/produkt\\\/fitlight-litebase-le-noir\\\/\",\"url\":\"https:\\\/\\\/dynamic-eye.de\\\/fr\\\/produkt\\\/fitlight-litebase-le-noir\\\/\",\"name\":\"FITLIGHT Litebase (Le noir) - DynamicEye\",\"isPartOf\":{\"@id\":\"https:\\\/\\\/dynamic-eye.de\\\/#website\"},\"primaryImageOfPage\":{\"@id\":\"https:\\\/\\\/dynamic-eye.de\\\/fr\\\/produkt\\\/fitlight-litebase-le-noir\\\/#primaryimage\"},\"image\":{\"@id\":\"https:\\\/\\\/dynamic-eye.de\\\/fr\\\/produkt\\\/fitlight-litebase-le-noir\\\/#primaryimage\"},\"thumbnailUrl\":\"https:\\\/\\\/dynamic-eye.de\\\/wp-content\\\/uploads\\\/2021\\\/07\\\/Fitlight_Litebase_Leistungssportler_Koeln.jpeg\",\"datePublished\":\"2022-08-11T07:44:52+00:00\",\"dateModified\":\"2025-04-23T14:24:11+00:00\",\"breadcrumb\":{\"@id\":\"https:\\\/\\\/dynamic-eye.de\\\/fr\\\/produkt\\\/fitlight-litebase-le-noir\\\/#breadcrumb\"},\"inLanguage\":\"fr-FR\",\"potentialAction\":[{\"@type\":\"ReadAction\",\"target\":[\"https:\\\/\\\/dynamic-eye.de\\\/fr\\\/produkt\\\/fitlight-litebase-le-noir\\\/\"]}]},{\"@type\":\"ImageObject\",\"inLanguage\":\"fr-FR\",\"@id\":\"https:\\\/\\\/dynamic-eye.de\\\/fr\\\/produkt\\\/fitlight-litebase-le-noir\\\/#primaryimage\",\"url\":\"https:\\\/\\\/dynamic-eye.de\\\/wp-content\\\/uploads\\\/2021\\\/07\\\/Fitlight_Litebase_Leistungssportler_Koeln.jpeg\",\"contentUrl\":\"https:\\\/\\\/dynamic-eye.de\\\/wp-content\\\/uploads\\\/2021\\\/07\\\/Fitlight_Litebase_Leistungssportler_Koeln.jpeg\",\"width\":1800,\"height\":1200},{\"@type\":\"BreadcrumbList\",\"@id\":\"https:\\\/\\\/dynamic-eye.de\\\/fr\\\/produkt\\\/fitlight-litebase-le-noir\\\/#breadcrumb\",\"itemListElement\":[{\"@type\":\"ListItem\",\"position\":1,\"name\":\"Startseite\",\"item\":\"https:\\\/\\\/dynamic-eye.de\\\/\"},{\"@type\":\"ListItem\",\"position\":2,\"name\":\"Boutique\",\"item\":\"https:\\\/\\\/dynamic-eye.de\\\/fr\\\/boutique\\\/\"},{\"@type\":\"ListItem\",\"position\":3,\"name\":\"FITLIGHT Litebase (Le noir)\"}]},{\"@type\":\"WebSite\",\"@id\":\"https:\\\/\\\/dynamic-eye.de\\\/#website\",\"url\":\"https:\\\/\\\/dynamic-eye.de\\\/\",\"name\":\"DynamicEye\",\"description\":\"Institut f\u00fcr Visual- und Kognitionstraining\",\"publisher\":{\"@id\":\"https:\\\/\\\/dynamic-eye.de\\\/#organization\"},\"potentialAction\":[{\"@type\":\"SearchAction\",\"target\":{\"@type\":\"EntryPoint\",\"urlTemplate\":\"https:\\\/\\\/dynamic-eye.de\\\/?s={search_term_string}\"},\"query-input\":{\"@type\":\"PropertyValueSpecification\",\"valueRequired\":true,\"valueName\":\"search_term_string\"}}],\"inLanguage\":\"fr-FR\"},{\"@type\":\"Organization\",\"@id\":\"https:\\\/\\\/dynamic-eye.de\\\/#organization\",\"name\":\"DynamicEye\",\"url\":\"https:\\\/\\\/dynamic-eye.de\\\/\",\"logo\":{\"@type\":\"ImageObject\",\"inLanguage\":\"fr-FR\",\"@id\":\"https:\\\/\\\/dynamic-eye.de\\\/#\\\/schema\\\/logo\\\/image\\\/\",\"url\":\"https:\\\/\\\/dynamic-eye.de\\\/wp-content\\\/uploads\\\/2020\\\/12\\\/DE_Logo_RGB_Claim_Dunkel.png\",\"contentUrl\":\"https:\\\/\\\/dynamic-eye.de\\\/wp-content\\\/uploads\\\/2020\\\/12\\\/DE_Logo_RGB_Claim_Dunkel.png\",\"width\":733,\"height\":149,\"caption\":\"DynamicEye\"},\"image\":{\"@id\":\"https:\\\/\\\/dynamic-eye.de\\\/#\\\/schema\\\/logo\\\/image\\\/\"}}]}<\/script>\n<!-- \/ Yoast SEO plugin. -->","yoast_head_json":{"title":"FITLIGHT Litebase (Le noir) - DynamicEye","robots":{"index":"index","follow":"follow","max-snippet":"max-snippet:-1","max-image-preview":"max-image-preview:large","max-video-preview":"max-video-preview:-1"},"canonical":"https:\/\/dynamic-eye.de\/fr\/produkt\/fitlight-litebase-le-noir\/","og_locale":"fr_FR","og_type":"article","og_title":"FITLIGHT Litebase (Le noir) - DynamicEye","og_description":"Disponible en le noir (selon les stocks).","og_url":"https:\/\/dynamic-eye.de\/fr\/produkt\/fitlight-litebase-le-noir\/","og_site_name":"DynamicEye","article_modified_time":"2025-04-23T14:24:11+00:00","og_image":[{"width":1800,"height":1200,"url":"https:\/\/dynamic-eye.de\/wp-content\/uploads\/2021\/07\/Fitlight_Litebase_Leistungssportler_Koeln.jpeg","type":"image\/jpeg"}],"twitter_card":"summary_large_image","twitter_misc":{"Dur\u00e9e de lecture estim\u00e9e":"1 minute"},"schema":{"@context":"https:\/\/schema.org","@graph":[{"@type":"WebPage","@id":"https:\/\/dynamic-eye.de\/fr\/produkt\/fitlight-litebase-le-noir\/","url":"https:\/\/dynamic-eye.de\/fr\/produkt\/fitlight-litebase-le-noir\/","name":"FITLIGHT Litebase (Le noir) - DynamicEye","isPartOf":{"@id":"https:\/\/dynamic-eye.de\/#website"},"primaryImageOfPage":{"@id":"https:\/\/dynamic-eye.de\/fr\/produkt\/fitlight-litebase-le-noir\/#primaryimage"},"image":{"@id":"https:\/\/dynamic-eye.de\/fr\/produkt\/fitlight-litebase-le-noir\/#primaryimage"},"thumbnailUrl":"https:\/\/dynamic-eye.de\/wp-content\/uploads\/2021\/07\/Fitlight_Litebase_Leistungssportler_Koeln.jpeg","datePublished":"2022-08-11T07:44:52+00:00","dateModified":"2025-04-23T14:24:11+00:00","breadcrumb":{"@id":"https:\/\/dynamic-eye.de\/fr\/produkt\/fitlight-litebase-le-noir\/#breadcrumb"},"inLanguage":"fr-FR","potentialAction":[{"@type":"ReadAction","target":["https:\/\/dynamic-eye.de\/fr\/produkt\/fitlight-litebase-le-noir\/"]}]},{"@type":"ImageObject","inLanguage":"fr-FR","@id":"https:\/\/dynamic-eye.de\/fr\/produkt\/fitlight-litebase-le-noir\/#primaryimage","url":"https:\/\/dynamic-eye.de\/wp-content\/uploads\/2021\/07\/Fitlight_Litebase_Leistungssportler_Koeln.jpeg","contentUrl":"https:\/\/dynamic-eye.de\/wp-content\/uploads\/2021\/07\/Fitlight_Litebase_Leistungssportler_Koeln.jpeg","width":1800,"height":1200},{"@type":"BreadcrumbList","@id":"https:\/\/dynamic-eye.de\/fr\/produkt\/fitlight-litebase-le-noir\/#breadcrumb","itemListElement":[{"@type":"ListItem","position":1,"name":"Startseite","item":"https:\/\/dynamic-eye.de\/"},{"@type":"ListItem","position":2,"name":"Boutique","item":"https:\/\/dynamic-eye.de\/fr\/boutique\/"},{"@type":"ListItem","position":3,"name":"FITLIGHT Litebase (Le noir)"}]},{"@type":"WebSite","@id":"https:\/\/dynamic-eye.de\/#website","url":"https:\/\/dynamic-eye.de\/","name":"DynamicEye","description":"Institut f\u00fcr Visual- und Kognitionstraining","publisher":{"@id":"https:\/\/dynamic-eye.de\/#organization"},"potentialAction":[{"@type":"SearchAction","target":{"@type":"EntryPoint","urlTemplate":"https:\/\/dynamic-eye.de\/?s={search_term_string}"},"query-input":{"@type":"PropertyValueSpecification","valueRequired":true,"valueName":"search_term_string"}}],"inLanguage":"fr-FR"},{"@type":"Organization","@id":"https:\/\/dynamic-eye.de\/#organization","name":"DynamicEye","url":"https:\/\/dynamic-eye.de\/","logo":{"@type":"ImageObject","inLanguage":"fr-FR","@id":"https:\/\/dynamic-eye.de\/#\/schema\/logo\/image\/","url":"https:\/\/dynamic-eye.de\/wp-content\/uploads\/2020\/12\/DE_Logo_RGB_Claim_Dunkel.png","contentUrl":"https:\/\/dynamic-eye.de\/wp-content\/uploads\/2020\/12\/DE_Logo_RGB_Claim_Dunkel.png","width":733,"height":149,"caption":"DynamicEye"},"image":{"@id":"https:\/\/dynamic-eye.de\/#\/schema\/logo\/image\/"}}]}},"_links":{"self":[{"href":"https:\/\/dynamic-eye.de\/fr\/wp-json\/wp\/v2\/product\/8709","targetHints":{"allow":["GET"]}}],"collection":[{"href":"https:\/\/dynamic-eye.de\/fr\/wp-json\/wp\/v2\/product"}],"about":[{"href":"https:\/\/dynamic-eye.de\/fr\/wp-json\/wp\/v2\/types\/product"}],"replies":[{"embeddable":true,"href":"https:\/\/dynamic-eye.de\/fr\/wp-json\/wp\/v2\/comments?post=8709"}],"wp:featuredmedia":[{"embeddable":true,"href":"https:\/\/dynamic-eye.de\/fr\/wp-json\/wp\/v2\/media\/5301"}],"wp:attachment":[{"href":"https:\/\/dynamic-eye.de\/fr\/wp-json\/wp\/v2\/media?parent=8709"}],"wp:term":[{"taxonomy":"product_brand","embeddable":true,"href":"https:\/\/dynamic-eye.de\/fr\/wp-json\/wp\/v2\/product_brand?post=8709"},{"taxonomy":"product_cat","embeddable":true,"href":"https:\/\/dynamic-eye.de\/fr\/wp-json\/wp\/v2\/product_cat?post=8709"},{"taxonomy":"product_tag","embeddable":true,"href":"https:\/\/dynamic-eye.de\/fr\/wp-json\/wp\/v2\/product_tag?post=8709"}],"curies":[{"name":"wp","href":"https:\/\/api.w.org\/{rel}","templated":true}]}}